{"id":8540,"date":"2020-02-21T09:16:38","date_gmt":"2020-02-21T08:16:38","guid":{"rendered":"https:\/\/fibalon.com\/en\/?page_id=8540"},"modified":"2020-12-02T12:53:15","modified_gmt":"2020-12-02T11:53:15","slug":"spanish","status":"publish","type":"page","link":"https:\/\/fibalon.com\/en\/spanish\/","title":{"rendered":"Spanish"},"content":{"rendered":"<section class=\"l-section wpb_row height_auto\"><div class=\"l-section-h i-cf\"><div class=\"g-cols vc_row via_flex valign_top type_default stacking_default\"><div class=\"vc_col-sm-12 wpb_column vc_column_container\"><div class=\"vc_column-inner\"><div class=\"wpb_wrapper\"><div class=\"w-separator size_medium\"><\/div><div class=\"g-cols wpb_row via_flex valign_top type_default stacking_default\"><div class=\"vc_col-sm-6 wpb_column vc_column_container\"><div class=\"vc_column-inner\"><div class=\"wpb_wrapper\"><div class=\"w-image align_center\"><a href=\"https:\/\/fibalon.com\/en\/wp-content\/uploads\/spanish_flyer_1-400x564-1.png\" ref=\"magnificPopup\" aria-label=\"Link\" class=\"w-image-h\"><img width=\"400\" height=\"564\" src=\"https:\/\/fibalon.com\/en\/wp-content\/uploads\/spanish_flyer_1-400x564-1.png\" class=\"attachment-large size-large\" alt=\"\" loading=\"lazy\" srcset=\"https:\/\/fibalon.com\/en\/wp-content\/uploads\/spanish_flyer_1-400x564-1.png 400w, https:\/\/fibalon.com\/en\/wp-content\/uploads\/spanish_flyer_1-400x564-1-213x300.png 213w\" sizes=\"(max-width: 400px) 100vw, 400px\" \/><\/a><\/div><\/div><\/div><\/div><div class=\"vc_col-sm-6 wpb_column vc_column_container\"><div class=\"vc_column-inner\"><div class=\"wpb_wrapper\"><div class=\"w-image align_center\"><a href=\"https:\/\/fibalon.com\/en\/wp-content\/uploads\/spanish_flyer_2-600x359-1.png\" ref=\"magnificPopup\" aria-label=\"Link\" class=\"w-image-h\"><img width=\"600\" height=\"359\" src=\"https:\/\/fibalon.com\/en\/wp-content\/uploads\/spanish_flyer_2-600x359-1.png\" class=\"attachment-large size-large\" alt=\"\" loading=\"lazy\" srcset=\"https:\/\/fibalon.com\/en\/wp-content\/uploads\/spanish_flyer_2-600x359-1.png 600w, https:\/\/fibalon.com\/en\/wp-content\/uploads\/spanish_flyer_2-600x359-1-300x180.png 300w\" sizes=\"(max-width: 600px) 100vw, 600px\" \/><\/a><\/div><\/div><\/div><\/div><\/div><div class=\"w-separator size_medium\"><\/div><\/div><\/div><\/div><\/div><\/div><\/section>\n","protected":false},"excerpt":{"rendered":"","protected":false},"author":1,"featured_media":0,"parent":0,"menu_order":0,"comment_status":"closed","ping_status":"closed","template":"","meta":[],"acf":[],"yoast_head":"<!-- This site is optimized with the Yoast SEO plugin v16.8 - https:\/\/yoast.com\/wordpress\/plugins\/seo\/ -->\n<title>FIBALON - Filtro de Piscina (Espa\u00f1ol)<\/title>\n<meta name=\"description\" content=\"FIBALON Filtro de Fibra de Pol\u00edmero para Piscinas - Una filtraci\u00f3n m\u00e1s moderna y eficaz\" \/>\n<meta name=\"robots\" content=\"index, follow, max-snippet:-1, max-image-preview:large, max-video-preview:-1\" \/>\n<link rel=\"canonical\" href=\"https:\/\/fibalon.com\/en\/spanish\/\" \/>\n<meta property=\"og:locale\" content=\"en_US\" \/>\n<meta property=\"og:type\" content=\"article\" \/>\n<meta property=\"og:title\" content=\"FIBALON - Filtro de Piscina (Espa\u00f1ol)\" \/>\n<meta property=\"og:description\" content=\"FIBALON Filtro de Fibra de Pol\u00edmero para Piscinas - Una filtraci\u00f3n m\u00e1s moderna y eficaz\" \/>\n<meta property=\"og:url\" content=\"https:\/\/fibalon.com\/en\/spanish\/\" \/>\n<meta property=\"og:site_name\" content=\"Fibalon\u00ae\" \/>\n<meta property=\"article:modified_time\" content=\"2020-12-02T11:53:15+00:00\" \/>\n<meta name=\"twitter:card\" content=\"summary_large_image\" \/>\n<script type=\"application\/ld+json\" class=\"yoast-schema-graph\">{\"@context\":\"https:\/\/schema.org\",\"@graph\":[{\"@type\":\"Organization\",\"@id\":\"https:\/\/fibalon.com\/en\/#organization\",\"name\":\"FIBALON\",\"url\":\"https:\/\/fibalon.com\/en\/\",\"sameAs\":[],\"logo\":{\"@type\":\"ImageObject\",\"@id\":\"https:\/\/fibalon.com\/en\/#logo\",\"inLanguage\":\"en-US\",\"url\":\"https:\/\/fibalon.com\/en\/wp-content\/uploads\/1-FIBALON_Logo.png\",\"contentUrl\":\"https:\/\/fibalon.com\/en\/wp-content\/uploads\/1-FIBALON_Logo.png\",\"width\":6193,\"height\":1576,\"caption\":\"FIBALON\"},\"image\":{\"@id\":\"https:\/\/fibalon.com\/en\/#logo\"}},{\"@type\":\"WebSite\",\"@id\":\"https:\/\/fibalon.com\/en\/#website\",\"url\":\"https:\/\/fibalon.com\/en\/\",\"name\":\"Fibalon\\u00ae\",\"description\":\"simply. clear.\",\"publisher\":{\"@id\":\"https:\/\/fibalon.com\/en\/#organization\"},\"potentialAction\":[{\"@type\":\"SearchAction\",\"target\":{\"@type\":\"EntryPoint\",\"urlTemplate\":\"https:\/\/fibalon.com\/en\/?s={search_term_string}\"},\"query-input\":\"required name=search_term_string\"}],\"inLanguage\":\"en-US\"},{\"@type\":\"WebPage\",\"@id\":\"https:\/\/fibalon.com\/en\/spanish\/#webpage\",\"url\":\"https:\/\/fibalon.com\/en\/spanish\/\",\"name\":\"FIBALON - Filtro de Piscina (Espa\\u00f1ol)\",\"isPartOf\":{\"@id\":\"https:\/\/fibalon.com\/en\/#website\"},\"datePublished\":\"2020-02-21T08:16:38+00:00\",\"dateModified\":\"2020-12-02T11:53:15+00:00\",\"description\":\"FIBALON Filtro de Fibra de Pol\\u00edmero para Piscinas - Una filtraci\\u00f3n m\\u00e1s moderna y eficaz\",\"breadcrumb\":{\"@id\":\"https:\/\/fibalon.com\/en\/spanish\/#breadcrumb\"},\"inLanguage\":\"en-US\",\"potentialAction\":[{\"@type\":\"ReadAction\",\"target\":[\"https:\/\/fibalon.com\/en\/spanish\/\"]}]},{\"@type\":\"BreadcrumbList\",\"@id\":\"https:\/\/fibalon.com\/en\/spanish\/#breadcrumb\",\"itemListElement\":[{\"@type\":\"ListItem\",\"position\":1,\"name\":\"Home\",\"item\":\"https:\/\/fibalon.com\/en\/\"},{\"@type\":\"ListItem\",\"position\":2,\"name\":\"Spanish\"}]}]}<\/script>\n<!-- \/ Yoast SEO plugin. -->","yoast_head_json":{"title":"FIBALON - Filtro de Piscina (Espa\u00f1ol)","description":"FIBALON Filtro de Fibra de Pol\u00edmero para Piscinas - Una filtraci\u00f3n m\u00e1s moderna y eficaz","robots":{"index":"index","follow":"follow","max-snippet":"max-snippet:-1","max-image-preview":"max-image-preview:large","max-video-preview":"max-video-preview:-1"},"canonical":"https:\/\/fibalon.com\/en\/spanish\/","og_locale":"en_US","og_type":"article","og_title":"FIBALON - Filtro de Piscina (Espa\u00f1ol)","og_description":"FIBALON Filtro de Fibra de Pol\u00edmero para Piscinas - Una filtraci\u00f3n m\u00e1s moderna y eficaz","og_url":"https:\/\/fibalon.com\/en\/spanish\/","og_site_name":"Fibalon\u00ae","article_modified_time":"2020-12-02T11:53:15+00:00","twitter_card":"summary_large_image","schema":{"@context":"https:\/\/schema.org","@graph":[{"@type":"Organization","@id":"https:\/\/fibalon.com\/en\/#organization","name":"FIBALON","url":"https:\/\/fibalon.com\/en\/","sameAs":[],"logo":{"@type":"ImageObject","@id":"https:\/\/fibalon.com\/en\/#logo","inLanguage":"en-US","url":"https:\/\/fibalon.com\/en\/wp-content\/uploads\/1-FIBALON_Logo.png","contentUrl":"https:\/\/fibalon.com\/en\/wp-content\/uploads\/1-FIBALON_Logo.png","width":6193,"height":1576,"caption":"FIBALON"},"image":{"@id":"https:\/\/fibalon.com\/en\/#logo"}},{"@type":"WebSite","@id":"https:\/\/fibalon.com\/en\/#website","url":"https:\/\/fibalon.com\/en\/","name":"Fibalon\u00ae","description":"simply. clear.","publisher":{"@id":"https:\/\/fibalon.com\/en\/#organization"},"potentialAction":[{"@type":"SearchAction","target":{"@type":"EntryPoint","urlTemplate":"https:\/\/fibalon.com\/en\/?s={search_term_string}"},"query-input":"required name=search_term_string"}],"inLanguage":"en-US"},{"@type":"WebPage","@id":"https:\/\/fibalon.com\/en\/spanish\/#webpage","url":"https:\/\/fibalon.com\/en\/spanish\/","name":"FIBALON - Filtro de Piscina (Espa\u00f1ol)","isPartOf":{"@id":"https:\/\/fibalon.com\/en\/#website"},"datePublished":"2020-02-21T08:16:38+00:00","dateModified":"2020-12-02T11:53:15+00:00","description":"FIBALON Filtro de Fibra de Pol\u00edmero para Piscinas - Una filtraci\u00f3n m\u00e1s moderna y eficaz","breadcrumb":{"@id":"https:\/\/fibalon.com\/en\/spanish\/#breadcrumb"},"inLanguage":"en-US","potentialAction":[{"@type":"ReadAction","target":["https:\/\/fibalon.com\/en\/spanish\/"]}]},{"@type":"BreadcrumbList","@id":"https:\/\/fibalon.com\/en\/spanish\/#breadcrumb","itemListElement":[{"@type":"ListItem","position":1,"name":"Home","item":"https:\/\/fibalon.com\/en\/"},{"@type":"ListItem","position":2,"name":"Spanish"}]}]}},"_links":{"self":[{"href":"https:\/\/fibalon.com\/en\/wp-json\/wp\/v2\/pages\/8540"}],"collection":[{"href":"https:\/\/fibalon.com\/en\/wp-json\/wp\/v2\/pages"}],"about":[{"href":"https:\/\/fibalon.com\/en\/wp-json\/wp\/v2\/types\/page"}],"author":[{"embeddable":true,"href":"https:\/\/fibalon.com\/en\/wp-json\/wp\/v2\/users\/1"}],"replies":[{"embeddable":true,"href":"https:\/\/fibalon.com\/en\/wp-json\/wp\/v2\/comments?post=8540"}],"version-history":[{"count":1,"href":"https:\/\/fibalon.com\/en\/wp-json\/wp\/v2\/pages\/8540\/revisions"}],"predecessor-version":[{"id":8543,"href":"https:\/\/fibalon.com\/en\/wp-json\/wp\/v2\/pages\/8540\/revisions\/8543"}],"wp:attachment":[{"href":"https:\/\/fibalon.com\/en\/wp-json\/wp\/v2\/media?parent=8540"}],"curies":[{"name":"wp","href":"https:\/\/api.w.org\/{rel}","templated":true}]}}